{"id":1114,"date":"2024-05-07T20:38:58","date_gmt":"2024-05-07T20:38:58","guid":{"rendered":"https:\/\/www.fashionhairhelsinki.fi\/etusivu\/?page_id=1114"},"modified":"2024-05-09T16:56:00","modified_gmt":"2024-05-09T16:56:00","slug":"tuotteet","status":"publish","type":"page","link":"https:\/\/www.fashionhairhelsinki.fi\/etusivu\/etusivu\/tuotteet\/","title":{"rendered":"Tuotteet"},"content":{"rendered":"<style>\/*! elementor - v3.21.0 - 30-04-2024 *\/\n.elementor-widget-image{text-align:center}.elementor-widget-image a{display:inline-block}.elementor-widget-image a img[src$=\".svg\"]{width:48px}.elementor-widget-image img{vertical-align:middle;display:inline-block}<\/style>\n<p>\t\t\t\t\t\t\t\t\t\t\t<a href=\"http:\/\/www.fashionhairhelsinki.fi\/etusivu\/\"><br \/>\n\t\t\t\t\t\t\t<img decoding=\"async\" loading=\"lazy\" width=\"1024\" height=\"777\" src=\"https:\/\/www.fashionhairhelsinki.fi\/wp-content\/uploads\/2022\/03\/fhh_logo_pieni-1-1024x777.png\" alt=\"\" srcset=\"https:\/\/www.fashionhairhelsinki.fi\/wp-content\/uploads\/2022\/03\/fhh_logo_pieni-1-1024x777.png 1024w, https:\/\/www.fashionhairhelsinki.fi\/wp-content\/uploads\/2022\/03\/fhh_logo_pieni-1-300x228.png 300w, https:\/\/www.fashionhairhelsinki.fi\/wp-content\/uploads\/2022\/03\/fhh_logo_pieni-1-768x583.png 768w, https:\/\/www.fashionhairhelsinki.fi\/wp-content\/uploads\/2022\/03\/fhh_logo_pieni-1-1536x1166.png 1536w, https:\/\/www.fashionhairhelsinki.fi\/wp-content\/uploads\/2022\/03\/fhh_logo_pieni-1.png 1704w\" sizes=\"(max-width: 1024px) 100vw, 1024px\" \/>\t\t\t\t\t\t\t\t<\/a><br \/>\n\t\t\t\t\t\t\t\t\t\t\t\t\t\t<a href=\"http:\/\/www.fashionhairhelsinki.fi\/etusivu\/\"><br \/>\n\t\t\t\t\t\t\t<img decoding=\"async\" loading=\"lazy\" width=\"1024\" height=\"401\" src=\"https:\/\/www.fashionhairhelsinki.fi\/wp-content\/uploads\/2022\/03\/fhh_logo_teksti-1-1024x401.png\" alt=\"\" srcset=\"https:\/\/www.fashionhairhelsinki.fi\/wp-content\/uploads\/2022\/03\/fhh_logo_teksti-1-1024x401.png 1024w, https:\/\/www.fashionhairhelsinki.fi\/wp-content\/uploads\/2022\/03\/fhh_logo_teksti-1-300x117.png 300w, https:\/\/www.fashionhairhelsinki.fi\/wp-content\/uploads\/2022\/03\/fhh_logo_teksti-1-768x301.png 768w, https:\/\/www.fashionhairhelsinki.fi\/wp-content\/uploads\/2022\/03\/fhh_logo_teksti-1.png 1494w\" sizes=\"(max-width: 1024px) 100vw, 1024px\" \/>\t\t\t\t\t\t\t\t<\/a><br \/>\n\t\t\t<a href=\"http:\/\/www.fashionhairhelsinki.fi\/etusivu\/etusivu\/palvelut\/\"><br \/>\n\t\t\t\t\t\t\t\t\tPALVELUT<br \/>\n\t\t\t\t\t<\/a><br \/>\n\t\t\t<a href=\"https:\/\/www.fashionhairhelsinki.fi\/etusivu\/etusivu\/tuotteet\"><br \/>\n\t\t\t\t\t\t\t\t\tTUOTTEET<br \/>\n\t\t\t\t\t<\/a><br \/>\n\t\t\t<a href=\"http:\/\/www.fashionhairhelsinki.fi\/etusivu\/etusivu\/hinnasto\/\"><br \/>\n\t\t\t\t\t\t\t\t\tHINNASTO<br \/>\n\t\t\t\t\t<\/a><br \/>\n\t\t\t<a href=\"http:\/\/www.fashionhairhelsinki.fi\/etusivu\/etusivu\/tietoa-meista\/\"><br \/>\n\t\t\t\t\t\t\t\t\tTIETOA MEIST\u00c4<br \/>\n\t\t\t\t\t<\/a><br \/>\n\t\t\t<a href=\"http:\/\/www.fashionhairhelsinki.fi\/etusivu\/etusivu\/yhteystiedot\/\"><br \/>\n\t\t\t\t\t\t\t\t\tYHTEYSTIEDOT<br \/>\n\t\t\t\t\t<\/a><br \/>\n\t\t\t<a href=\"https:\/\/varaa.timma.fi\/fashionhairhelsinki\"><br \/>\n\t\t\t\t\t\t\t\t\tVARAA AIKA<br \/>\n\t\t\t\t\t<\/a><\/p>\n<style>\/*! elementor - v3.21.0 - 30-04-2024 *\/\n.elementor-column .elementor-spacer-inner{height:var(--spacer-size)}.e-con{--container-widget-width:100%}.e-con-inner>.elementor-widget-spacer,.e-con>.elementor-widget-spacer{width:var(--container-widget-width,var(--spacer-size));--align-self:var(--container-widget-align-self,initial);--flex-shrink:0}.e-con-inner>.elementor-widget-spacer>.elementor-widget-container,.e-con>.elementor-widget-spacer>.elementor-widget-container{height:100%;width:100%}.e-con-inner>.elementor-widget-spacer>.elementor-widget-container>.elementor-spacer,.e-con>.elementor-widget-spacer>.elementor-widget-container>.elementor-spacer{height:100%}.e-con-inner>.elementor-widget-spacer>.elementor-widget-container>.elementor-spacer>.elementor-spacer-inner,.e-con>.elementor-widget-spacer>.elementor-widget-container>.elementor-spacer>.elementor-spacer-inner{height:var(--container-widget-height,var(--spacer-size))}.e-con-inner>.elementor-widget-spacer.elementor-widget-empty,.e-con>.elementor-widget-spacer.elementor-widget-empty{position:relative;min-height:22px;min-width:22px}.e-con-inner>.elementor-widget-spacer.elementor-widget-empty .elementor-widget-empty-icon,.e-con>.elementor-widget-spacer.elementor-widget-empty .elementor-widget-empty-icon{position:absolute;top:0;bottom:0;left:0;right:0;margin:auto;padding:0;width:22px;height:22px}<\/style>\n<style>\/*! elementor - v3.21.0 - 30-04-2024 *\/\n.elementor-heading-title{padding:0;margin:0;line-height:1}.elementor-widget-heading .elementor-heading-title[class*=elementor-size-]>a{color:inherit;font-size:inherit;line-height:inherit}.elementor-widget-heading .elementor-heading-title.elementor-size-small{font-size:15px}.elementor-widget-heading .elementor-heading-title.elementor-size-medium{font-size:19px}.elementor-widget-heading .elementor-heading-title.elementor-size-large{font-size:29px}.elementor-widget-heading .elementor-heading-title.elementor-size-xl{font-size:39px}.elementor-widget-heading .elementor-heading-title.elementor-size-xxl{font-size:59px}<\/style>\n<h2>TUOTTEET<\/h2>\n<p>K\u00e4yt\u00f6ss\u00e4mme on laaja valikoima maailmanluokan huipptuotteita jotka mahdollistavat hiuksillesi haluamasi lopputuloksen.<\/p>\n<h4>Revlon Professional<\/h4>\n<p>Revlon Professional tarjoaa laajan valikoiman hiusv\u00e4rej\u00e4 ja muotoilutuotteita mahdollistamaan hiuksillesi haluamasi lookin.<\/p>\n<p>Revlonin innovatiivinen v\u00e4ri teknologia takaa n\u00e4ytt\u00e4v\u00e4n tuloksen, samalla ottaen hiustesi hyvinvoinnin huomioon.\u00a0<\/p>\n<p>Varmista lookkisi Revlon Professionalin muotoilutuotteilla, jotka on suunniteltu yll\u00e4pit\u00e4m\u00e4\u00e4n hiustesi v\u00e4rin ja pit\u00e4m\u00e4\u00e4n kampauksesi muodon pidemp\u00e4\u00e4n.<\/p>\n<p>\t\t\t\t\t\t\t\t\t\t\t\t\t<img decoding=\"async\" loading=\"lazy\" width=\"1024\" height=\"1024\" src=\"https:\/\/www.fashionhairhelsinki.fi\/wp-content\/uploads\/2024\/05\/REVLONISSIMOCOLORSMETIQUECROMATICSC20-1200x1200-545060870-1024x1024.jpg\" alt=\"\" srcset=\"https:\/\/www.fashionhairhelsinki.fi\/wp-content\/uploads\/2024\/05\/REVLONISSIMOCOLORSMETIQUECROMATICSC20-1200x1200-545060870-1024x1024.jpg 1024w, https:\/\/www.fashionhairhelsinki.fi\/wp-content\/uploads\/2024\/05\/REVLONISSIMOCOLORSMETIQUECROMATICSC20-1200x1200-545060870-300x300.jpg 300w, https:\/\/www.fashionhairhelsinki.fi\/wp-content\/uploads\/2024\/05\/REVLONISSIMOCOLORSMETIQUECROMATICSC20-1200x1200-545060870-150x150.jpg 150w, https:\/\/www.fashionhairhelsinki.fi\/wp-content\/uploads\/2024\/05\/REVLONISSIMOCOLORSMETIQUECROMATICSC20-1200x1200-545060870-768x768.jpg 768w, https:\/\/www.fashionhairhelsinki.fi\/wp-content\/uploads\/2024\/05\/REVLONISSIMOCOLORSMETIQUECROMATICSC20-1200x1200-545060870.jpg 1200w\" sizes=\"(max-width: 1024px) 100vw, 1024px\" \/>\t\t\t\t\t\t\t\t\t\t\t\t\t<\/p>\n<h4>ID Hair<\/h4>\n<p>ID Hairin laadukkailla hiusten v\u00e4rj\u00e4ys- ja muotoilutuotteita saavutat t\u00e4ydellisen lopputuloksen hiuksillesi.<\/p>\n<p>Valikoimastamme l\u00f6yd\u00e4t monipuolisen kattauksen s\u00e4vyj\u00e4 haluamaasi lookiin.\u00a0<\/p>\n<p>ID Hairin muotoilu tuotteet varmistavat hiustesi muotoilun pit\u00e4vyyden viel\u00e4 pitk\u00e4\u00e4n k\u00e4yt\u00f6n j\u00e4lkeen.<\/p>\n<p>\t\t\t\t\t\t\t\t\t\t\t\t\t<img decoding=\"async\" loading=\"lazy\" width=\"725\" height=\"735\" src=\"https:\/\/www.fashionhairhelsinki.fi\/wp-content\/uploads\/2024\/05\/idhair.png\" alt=\"\" srcset=\"https:\/\/www.fashionhairhelsinki.fi\/wp-content\/uploads\/2024\/05\/idhair.png 725w, https:\/\/www.fashionhairhelsinki.fi\/wp-content\/uploads\/2024\/05\/idhair-296x300.png 296w\" sizes=\"(max-width: 725px) 100vw, 725px\" \/>\t\t\t\t\t\t\t\t\t\t\t\t\t<\/p>\n<h4>Redken<\/h4>\n<p>Luotamme Redkenin laadukkaisiin hiustenhoitotuotteisiin hoidoissamme.\u00a0<\/p>\n<p>Redken tarjoaa laajan valikoiman hiustenhoitotuotteita, jotka on suunniteltu vastaamaan hiustesi tarpeisiin.<\/p>\n<p>Redkenin tuotteiden avulla takaamme hiustesi parhaan mahdollisen hoidon ja lopputuloksen.<\/p>\n<p>\t\t\t\t\t\t\t\t\t\t\t\t\t<img decoding=\"async\" loading=\"lazy\" width=\"1024\" height=\"1024\" src=\"https:\/\/www.fashionhairhelsinki.fi\/wp-content\/uploads\/2024\/05\/redken-2023-eu-valentines-day-banner-promo-2560x1290-resized-1024x1024.webp\" alt=\"\" srcset=\"https:\/\/www.fashionhairhelsinki.fi\/wp-content\/uploads\/2024\/05\/redken-2023-eu-valentines-day-banner-promo-2560x1290-resized-1024x1024.webp 1024w, https:\/\/www.fashionhairhelsinki.fi\/wp-content\/uploads\/2024\/05\/redken-2023-eu-valentines-day-banner-promo-2560x1290-resized-300x300.webp 300w, https:\/\/www.fashionhairhelsinki.fi\/wp-content\/uploads\/2024\/05\/redken-2023-eu-valentines-day-banner-promo-2560x1290-resized-150x150.webp 150w, https:\/\/www.fashionhairhelsinki.fi\/wp-content\/uploads\/2024\/05\/redken-2023-eu-valentines-day-banner-promo-2560x1290-resized-768x768.webp 768w, https:\/\/www.fashionhairhelsinki.fi\/wp-content\/uploads\/2024\/05\/redken-2023-eu-valentines-day-banner-promo-2560x1290-resized.webp 1290w\" sizes=\"(max-width: 1024px) 100vw, 1024px\" \/>\t\t\t\t\t\t\t\t\t\t\t\t\t<\/p>\n<h4>Four Reasons<\/h4>\n<p>Four Reasonsin Color Maskit takaavat laadukkaan v\u00e4rik\u00e4sittelyn hiuksillesi.<\/p>\n<p>Color Mask Toning Shampoo sis\u00e4lt\u00e4\u00e4 runsaasti v\u00e4ripigmentti\u00e4 ja on suunniteltu hell\u00e4varaisesti puhdistamaan v\u00e4rik\u00e4sitellyt hiukset, samalla lis\u00e4ten niiden kiiltoa ja v\u00e4hent\u00e4en s\u00e4hk\u00f6isyytt\u00e4.<\/p>\n<p>Color Mask Toning Treatment on voimakas s\u00e4vytt\u00e4v\u00e4 tehohoito, joka tarjoaa runsaan annoksen v\u00e4ripigmentti\u00e4 hiuksillesi samalla vahvistaen ja raviten niit\u00e4 kasvipohjaisilla proteiineilla ja aminohapoilla.<\/p>\n<p>\t\t\t\t\t\t\t\t\t\t\t\t\t<img decoding=\"async\" loading=\"lazy\" width=\"600\" height=\"680\" src=\"https:\/\/www.fashionhairhelsinki.fi\/wp-content\/uploads\/2024\/05\/rose_gold_image_pdp1_600x.webp\" alt=\"\" srcset=\"https:\/\/www.fashionhairhelsinki.fi\/wp-content\/uploads\/2024\/05\/rose_gold_image_pdp1_600x.webp 600w, https:\/\/www.fashionhairhelsinki.fi\/wp-content\/uploads\/2024\/05\/rose_gold_image_pdp1_600x-265x300.webp 265w\" sizes=\"(max-width: 600px) 100vw, 600px\" \/>\t\t\t\t\t\t\t\t\t\t\t\t\t<\/p>\n<h4>K18<\/h4>\n<p>K18-tuotesarja tarjoaa huippulaatua ja tehokkuutta hiustesi hoitoon. <br \/>Innovatiivinen koostumus tarjoaa syv\u00e4kosteutusta ja hoitoa hiuksillesi, palauttaen <br \/>hiustesi luonnollisen kauneuden ja terveyden.<\/p>\n<p>K18-tuotteiden ainutlaatuiset ominaisuudet tekev\u00e4t niist\u00e4 ihanteellisen valinnan hiusten korjaamiseen ja vahvistukseen.<\/p>\n<p>\u00a0<\/p>\n<p><strong>K18 tuotteet ovat valittavissa hiusten suojaamiseen <br \/>v\u00e4rik\u00e4sittelyn yhteydess\u00e4 sek\u00e4 erillisen\u00e4 tehohoitona.<\/strong><\/p>\n<p>\t\t\t\t\t\t\t\t\t\t\t\t\t<img decoding=\"async\" loading=\"lazy\" width=\"759\" height=\"1024\" src=\"https:\/\/www.fashionhairhelsinki.fi\/wp-content\/uploads\/2024\/05\/k18-759x1024.jpg\" alt=\"\" srcset=\"https:\/\/www.fashionhairhelsinki.fi\/wp-content\/uploads\/2024\/05\/k18-759x1024.jpg 759w, https:\/\/www.fashionhairhelsinki.fi\/wp-content\/uploads\/2024\/05\/k18-222x300.jpg 222w, https:\/\/www.fashionhairhelsinki.fi\/wp-content\/uploads\/2024\/05\/k18-768x1036.jpg 768w, https:\/\/www.fashionhairhelsinki.fi\/wp-content\/uploads\/2024\/05\/k18.jpg 1040w\" sizes=\"(max-width: 759px) 100vw, 759px\" \/>\t\t\t\t\t\t\t\t\t\t\t\t\t<\/p>\n<h4>Brazilian Bond Builder<\/h4>\n<p>Brazilian Bond Builder edustaa huippuluokan hiustenhoitotuotteita, jotka <br \/>tarjoavat tehokkaan l\u00e4hestymistavan hiusten vahvistamiseen ja korjaamiseen.<\/p>\n<p>Tuotteiden ainutlaatuinen koostumus palauttaa hiusten rakenteen ja lujuuden, j\u00e4tt\u00e4en ne terveemmiksi ja elinvoimaisemmiksi.<\/p>\n<p>\u00a0<\/p>\n<p><strong>Brazilian Bond Builder tuotteet ovat valittavissa hiusten suojaamiseen <br \/>v\u00e4rik\u00e4sittelyn yhteydess\u00e4 sek\u00e4 erillisen\u00e4 tehohoitona.<\/strong><\/p>\n<p>\t\t\t\t\t\t\t\t\t\t\t\t\t<img decoding=\"async\" loading=\"lazy\" width=\"1024\" height=\"1024\" src=\"https:\/\/www.fashionhairhelsinki.fi\/wp-content\/uploads\/2024\/05\/brazilian_bond_builder-1024x1024.png\" alt=\"\" srcset=\"https:\/\/www.fashionhairhelsinki.fi\/wp-content\/uploads\/2024\/05\/brazilian_bond_builder-1024x1024.png 1024w, https:\/\/www.fashionhairhelsinki.fi\/wp-content\/uploads\/2024\/05\/brazilian_bond_builder-300x300.png 300w, https:\/\/www.fashionhairhelsinki.fi\/wp-content\/uploads\/2024\/05\/brazilian_bond_builder-150x150.png 150w, https:\/\/www.fashionhairhelsinki.fi\/wp-content\/uploads\/2024\/05\/brazilian_bond_builder-768x768.png 768w, https:\/\/www.fashionhairhelsinki.fi\/wp-content\/uploads\/2024\/05\/brazilian_bond_builder.png 1080w\" sizes=\"(max-width: 1024px) 100vw, 1024px\" \/>\t\t\t\t\t\t\t\t\t\t\t\t\t<\/p>\n<h4>Olaplex<\/h4>\n<p>Olaplex tarjoaa korkealaatuista hiustenhoitoa, joka sis\u00e4lt\u00e4\u00e4 tehokkaan ratkaisun vaurioituneiden hiusten korjaamiseen ja vahvistamiseen.<\/p>\n<p>Olaplexin Bonding tuotteet auttavat suojaamaan ja palauttamaan hiusten rakenteen, jonka avulla hiukset n\u00e4ytt\u00e4v\u00e4t ja tuntuvat terveemmilt\u00e4 ja kiilt\u00e4v\u00e4mmilt\u00e4.<\/p>\n<p>\u00a0<\/p>\n<p><strong>Olapex<\/strong><strong style=\"color: var( --e-global-color-bb3cb63 ); text-align: var(--text-align); background-color: var( --e-global-color-7b8efeb );\"> tuotteet ovat valittavissa hiusten suojaamiseen <br \/><\/strong><strong>v\u00e4rik\u00e4sittelyn yhteydess\u00e4 sek\u00e4 erillisen\u00e4 tehohoitona.<\/strong><\/p>\n<p>\t\t\t\t\t\t\t\t\t\t\t\t\t<img decoding=\"async\" loading=\"lazy\" width=\"900\" height=\"900\" src=\"https:\/\/www.fashionhairhelsinki.fi\/wp-content\/uploads\/2024\/05\/Olaplex-No-6-and-No-7-1101402104.jpg\" alt=\"\" srcset=\"https:\/\/www.fashionhairhelsinki.fi\/wp-content\/uploads\/2024\/05\/Olaplex-No-6-and-No-7-1101402104.jpg 900w, https:\/\/www.fashionhairhelsinki.fi\/wp-content\/uploads\/2024\/05\/Olaplex-No-6-and-No-7-1101402104-300x300.jpg 300w, https:\/\/www.fashionhairhelsinki.fi\/wp-content\/uploads\/2024\/05\/Olaplex-No-6-and-No-7-1101402104-150x150.jpg 150w, https:\/\/www.fashionhairhelsinki.fi\/wp-content\/uploads\/2024\/05\/Olaplex-No-6-and-No-7-1101402104-768x768.jpg 768w\" sizes=\"(max-width: 900px) 100vw, 900px\" \/><br \/>\n\t\t\t<a href=\"https:\/\/varaa.timma.fi\/fashionhairhelsinki\"><br \/>\n\t\t\t\t\t\t\t\t\tVARAA AIKA<br \/>\n\t\t\t\t\t<\/a><\/p>\n<style>\/*! elementor - v3.21.0 - 30-04-2024 *\/\n.elementor-widget-social-icons.elementor-grid-0 .elementor-widget-container,.elementor-widget-social-icons.elementor-grid-mobile-0 .elementor-widget-container,.elementor-widget-social-icons.elementor-grid-tablet-0 .elementor-widget-container{line-height:1;font-size:0}.elementor-widget-social-icons:not(.elementor-grid-0):not(.elementor-grid-tablet-0):not(.elementor-grid-mobile-0) .elementor-grid{display:inline-grid}.elementor-widget-social-icons .elementor-grid{grid-column-gap:var(--grid-column-gap,5px);grid-row-gap:var(--grid-row-gap,5px);grid-template-columns:var(--grid-template-columns);justify-content:var(--justify-content,center);justify-items:var(--justify-content,center)}.elementor-icon.elementor-social-icon{font-size:var(--icon-size,25px);line-height:var(--icon-size,25px);width:calc(var(--icon-size, 25px) + 2 * var(--icon-padding, .5em));height:calc(var(--icon-size, 25px) + 2 * var(--icon-padding, .5em))}.elementor-social-icon{--e-social-icon-icon-color:#fff;display:inline-flex;background-color:#69727d;align-items:center;justify-content:center;text-align:center;cursor:pointer}.elementor-social-icon i{color:var(--e-social-icon-icon-color)}.elementor-social-icon svg{fill:var(--e-social-icon-icon-color)}.elementor-social-icon:last-child{margin:0}.elementor-social-icon:hover{opacity:.9;color:#fff}.elementor-social-icon-android{background-color:#a4c639}.elementor-social-icon-apple{background-color:#999}.elementor-social-icon-behance{background-color:#1769ff}.elementor-social-icon-bitbucket{background-color:#205081}.elementor-social-icon-codepen{background-color:#000}.elementor-social-icon-delicious{background-color:#39f}.elementor-social-icon-deviantart{background-color:#05cc47}.elementor-social-icon-digg{background-color:#005be2}.elementor-social-icon-dribbble{background-color:#ea4c89}.elementor-social-icon-elementor{background-color:#d30c5c}.elementor-social-icon-envelope{background-color:#ea4335}.elementor-social-icon-facebook,.elementor-social-icon-facebook-f{background-color:#3b5998}.elementor-social-icon-flickr{background-color:#0063dc}.elementor-social-icon-foursquare{background-color:#2d5be3}.elementor-social-icon-free-code-camp,.elementor-social-icon-freecodecamp{background-color:#006400}.elementor-social-icon-github{background-color:#333}.elementor-social-icon-gitlab{background-color:#e24329}.elementor-social-icon-globe{background-color:#69727d}.elementor-social-icon-google-plus,.elementor-social-icon-google-plus-g{background-color:#dd4b39}.elementor-social-icon-houzz{background-color:#7ac142}.elementor-social-icon-instagram{background-color:#262626}.elementor-social-icon-jsfiddle{background-color:#487aa2}.elementor-social-icon-link{background-color:#818a91}.elementor-social-icon-linkedin,.elementor-social-icon-linkedin-in{background-color:#0077b5}.elementor-social-icon-medium{background-color:#00ab6b}.elementor-social-icon-meetup{background-color:#ec1c40}.elementor-social-icon-mixcloud{background-color:#273a4b}.elementor-social-icon-odnoklassniki{background-color:#f4731c}.elementor-social-icon-pinterest{background-color:#bd081c}.elementor-social-icon-product-hunt{background-color:#da552f}.elementor-social-icon-reddit{background-color:#ff4500}.elementor-social-icon-rss{background-color:#f26522}.elementor-social-icon-shopping-cart{background-color:#4caf50}.elementor-social-icon-skype{background-color:#00aff0}.elementor-social-icon-slideshare{background-color:#0077b5}.elementor-social-icon-snapchat{background-color:#fffc00}.elementor-social-icon-soundcloud{background-color:#f80}.elementor-social-icon-spotify{background-color:#2ebd59}.elementor-social-icon-stack-overflow{background-color:#fe7a15}.elementor-social-icon-steam{background-color:#00adee}.elementor-social-icon-stumbleupon{background-color:#eb4924}.elementor-social-icon-telegram{background-color:#2ca5e0}.elementor-social-icon-threads{background-color:#000}.elementor-social-icon-thumb-tack{background-color:#1aa1d8}.elementor-social-icon-tripadvisor{background-color:#589442}.elementor-social-icon-tumblr{background-color:#35465c}.elementor-social-icon-twitch{background-color:#6441a5}.elementor-social-icon-twitter{background-color:#1da1f2}.elementor-social-icon-viber{background-color:#665cac}.elementor-social-icon-vimeo{background-color:#1ab7ea}.elementor-social-icon-vk{background-color:#45668e}.elementor-social-icon-weibo{background-color:#dd2430}.elementor-social-icon-weixin{background-color:#31a918}.elementor-social-icon-whatsapp{background-color:#25d366}.elementor-social-icon-wordpress{background-color:#21759b}.elementor-social-icon-x-twitter{background-color:#000}.elementor-social-icon-xing{background-color:#026466}.elementor-social-icon-yelp{background-color:#af0606}.elementor-social-icon-youtube{background-color:#cd201f}.elementor-social-icon-500px{background-color:#0099e5}.elementor-shape-rounded .elementor-icon.elementor-social-icon{border-radius:10%}.elementor-shape-circle .elementor-icon.elementor-social-icon{border-radius:50%}<\/style>\n<p>\t\t\t\t\t<a href=\"https:\/\/www.facebook.com\/Fashionhairhelsinki\" target=\"_blank\" rel=\"noopener\"><br \/>\n\t\t\t\t\t\tFacebook<br \/>\n\t\t\t\t\t\t<svg viewBox=\"0 0 512 512\" xmlns=\"http:\/\/www.w3.org\/2000\/svg\"><path d=\"M504 256C504 119 393 8 256 8S8 119 8 256c0 123.78 90.69 226.38 209.25 245V327.69h-63V256h63v-54.64c0-62.15 37-96.48 93.67-96.48 27.14 0 55.52 4.84 55.52 4.84v61h-31.28c-30.8 0-40.41 19.12-40.41 38.73V256h68.78l-11 71.69h-57.78V501C413.31 482.38 504 379.78 504 256z\"><\/path><\/svg>\t\t\t\t\t<\/a><br \/>\n\t\t\t\t\t<a href=\"https:\/\/www.instagram.com\/fashionhairhelsinki\/\" target=\"_blank\" rel=\"noopener\"><br \/>\n\t\t\t\t\t\tInstagram<br \/>\n\t\t\t\t\t\t<svg viewBox=\"0 0 448 512\" xmlns=\"http:\/\/www.w3.org\/2000\/svg\"><path d=\"M224.1 141c-63.6 0-114.9 51.3-114.9 114.9s51.3 114.9 114.9 114.9S339 319.5 339 255.9 287.7 141 224.1 141zm0 189.6c-41.1 0-74.7-33.5-74.7-74.7s33.5-74.7 74.7-74.7 74.7 33.5 74.7 74.7-33.6 74.7-74.7 74.7zm146.4-194.3c0 14.9-12 26.8-26.8 26.8-14.9 0-26.8-12-26.8-26.8s12-26.8 26.8-26.8 26.8 12 26.8 26.8zm76.1 27.2c-1.7-35.9-9.9-67.7-36.2-93.9-26.2-26.2-58-34.4-93.9-36.2-37-2.1-147.9-2.1-184.9 0-35.8 1.7-67.6 9.9-93.9 36.1s-34.4 58-36.2 93.9c-2.1 37-2.1 147.9 0 184.9 1.7 35.9 9.9 67.7 36.2 93.9s58 34.4 93.9 36.2c37 2.1 147.9 2.1 184.9 0 35.9-1.7 67.7-9.9 93.9-36.2 26.2-26.2 34.4-58 36.2-93.9 2.1-37 2.1-147.8 0-184.8zM398.8 388c-7.8 19.6-22.9 34.7-42.6 42.6-29.5 11.7-99.5 9-132.1 9s-102.7 2.6-132.1-9c-19.6-7.8-34.7-22.9-42.6-42.6-11.7-29.5-9-99.5-9-132.1s-2.6-102.7 9-132.1c7.8-19.6 22.9-34.7 42.6-42.6 29.5-11.7 99.5-9 132.1-9s102.7-2.6 132.1 9c19.6 7.8 34.7 22.9 42.6 42.6 11.7 29.5 9 99.5 9 132.1s2.7 102.7-9 132.1z\"><\/path><\/svg>\t\t\t\t\t<\/a><\/p>\n<p>\u00a9<b> Fashion Hair Helsinki 2022<\/b><\/p>\n<p>\t\t\t\t\t\t\t\t\t\t\t\t\t\t<a href=\"http:\/\/www.fashionhairhelsinki.fi\/etusivu\/\"><br \/>\n\t\t\t\t\t\t\t<img decoding=\"async\" loading=\"lazy\" width=\"1024\" height=\"777\" src=\"https:\/\/www.fashionhairhelsinki.fi\/wp-content\/uploads\/2022\/03\/fhh_logo_pieni-1024x777.png\" alt=\"\" srcset=\"https:\/\/www.fashionhairhelsinki.fi\/wp-content\/uploads\/2022\/03\/fhh_logo_pieni-1024x777.png 1024w, https:\/\/www.fashionhairhelsinki.fi\/wp-content\/uploads\/2022\/03\/fhh_logo_pieni-300x228.png 300w, https:\/\/www.fashionhairhelsinki.fi\/wp-content\/uploads\/2022\/03\/fhh_logo_pieni-768x583.png 768w, https:\/\/www.fashionhairhelsinki.fi\/wp-content\/uploads\/2022\/03\/fhh_logo_pieni-1536x1166.png 1536w, https:\/\/www.fashionhairhelsinki.fi\/wp-content\/uploads\/2022\/03\/fhh_logo_pieni.png 1704w\" sizes=\"(max-width: 1024px) 100vw, 1024px\" \/>\t\t\t\t\t\t\t\t<\/a><br \/>\n\t\t\t\t\t\t\t\t\t\t\t\t\t\t<a href=\"http:\/\/www.fashionhairhelsinki.fi\/etusivu\/\"><br \/>\n\t\t\t\t\t\t\t<img decoding=\"async\" loading=\"lazy\" width=\"1024\" height=\"401\" src=\"https:\/\/www.fashionhairhelsinki.fi\/wp-content\/uploads\/2022\/03\/fhh_logo_teksti-1024x401.png\" alt=\"\" srcset=\"https:\/\/www.fashionhairhelsinki.fi\/wp-content\/uploads\/2022\/03\/fhh_logo_teksti-1024x401.png 1024w, https:\/\/www.fashionhairhelsinki.fi\/wp-content\/uploads\/2022\/03\/fhh_logo_teksti-300x117.png 300w, https:\/\/www.fashionhairhelsinki.fi\/wp-content\/uploads\/2022\/03\/fhh_logo_teksti-768x301.png 768w, https:\/\/www.fashionhairhelsinki.fi\/wp-content\/uploads\/2022\/03\/fhh_logo_teksti.png 1494w\" sizes=\"(max-width: 1024px) 100vw, 1024px\" \/>\t\t\t\t\t\t\t\t<\/a><\/p>\n","protected":false},"excerpt":{"rendered":"<p>PALVELUT TUOTTEET HINNASTO TIETOA MEIST\u00c4 YHTEYSTIEDOT VARAA AIKA TUOTTEET K\u00e4yt\u00f6ss\u00e4mme on laaja valikoima maailmanluokan huipptuotteita jotka mahdollistavat hiuksillesi haluamasi lopputuloksen. Revlon Professional Revlon Professional tarjoaa laajan valikoiman hiusv\u00e4rej\u00e4 ja muotoilutuotteita mahdollistamaan hiuksillesi haluamasi lookin. Revlonin innovatiivinen v\u00e4ri teknologia takaa n\u00e4ytt\u00e4v\u00e4n tuloksen, samalla ottaen hiustesi hyvinvoinnin huomioon.\u00a0 Varmista lookkisi Revlon Professionalin muotoilutuotteilla, jotka on suunniteltu yll\u00e4pit\u00e4m\u00e4\u00e4n [&hellip;]<\/p>\n","protected":false},"author":1,"featured_media":0,"parent":9,"menu_order":0,"comment_status":"closed","ping_status":"closed","template":"elementor_canvas","meta":[],"_links":{"self":[{"href":"https:\/\/www.fashionhairhelsinki.fi\/etusivu\/wp-json\/wp\/v2\/pages\/1114"}],"collection":[{"href":"https:\/\/www.fashionhairhelsinki.fi\/etusivu\/wp-json\/wp\/v2\/pages"}],"about":[{"href":"https:\/\/www.fashionhairhelsinki.fi\/etusivu\/wp-json\/wp\/v2\/types\/page"}],"author":[{"embeddable":true,"href":"https:\/\/www.fashionhairhelsinki.fi\/etusivu\/wp-json\/wp\/v2\/users\/1"}],"replies":[{"embeddable":true,"href":"https:\/\/www.fashionhairhelsinki.fi\/etusivu\/wp-json\/wp\/v2\/comments?post=1114"}],"version-history":[{"count":295,"href":"https:\/\/www.fashionhairhelsinki.fi\/etusivu\/wp-json\/wp\/v2\/pages\/1114\/revisions"}],"predecessor-version":[{"id":1925,"href":"https:\/\/www.fashionhairhelsinki.fi\/etusivu\/wp-json\/wp\/v2\/pages\/1114\/revisions\/1925"}],"up":[{"embeddable":true,"href":"https:\/\/www.fashionhairhelsinki.fi\/etusivu\/wp-json\/wp\/v2\/pages\/9"}],"wp:attachment":[{"href":"https:\/\/www.fashionhairhelsinki.fi\/etusivu\/wp-json\/wp\/v2\/media?parent=1114"}],"curies":[{"name":"wp","href":"https:\/\/api.w.org\/{rel}","templated":true}]}}