{"id":221,"date":"2022-03-10T12:12:11","date_gmt":"2022-03-10T12:12:11","guid":{"rendered":"http:\/\/www.fashionhairhelsinki.fi\/?page_id=221"},"modified":"2024-05-09T16:49:07","modified_gmt":"2024-05-09T16:49:07","slug":"tietoa-meista","status":"publish","type":"page","link":"https:\/\/www.fashionhairhelsinki.fi\/etusivu\/etusivu\/tietoa-meista\/","title":{"rendered":"Tietoa meist\u00e4"},"content":{"rendered":"<style>\/*! elementor - v3.21.0 - 30-04-2024 *\/\n.elementor-widget-image{text-align:center}.elementor-widget-image a{display:inline-block}.elementor-widget-image a img[src$=\".svg\"]{width:48px}.elementor-widget-image img{vertical-align:middle;display:inline-block}<\/style>\n<p>\t\t\t\t\t\t\t\t\t\t\t<a href=\"http:\/\/www.fashionhairhelsinki.fi\/etusivu\/\"><br \/>\n\t\t\t\t\t\t\t<img decoding=\"async\" loading=\"lazy\" width=\"1024\" height=\"777\" src=\"https:\/\/www.fashionhairhelsinki.fi\/wp-content\/uploads\/2022\/03\/fhh_logo_pieni-1-1024x777.png\" alt=\"\" srcset=\"https:\/\/www.fashionhairhelsinki.fi\/wp-content\/uploads\/2022\/03\/fhh_logo_pieni-1-1024x777.png 1024w, https:\/\/www.fashionhairhelsinki.fi\/wp-content\/uploads\/2022\/03\/fhh_logo_pieni-1-300x228.png 300w, https:\/\/www.fashionhairhelsinki.fi\/wp-content\/uploads\/2022\/03\/fhh_logo_pieni-1-768x583.png 768w, https:\/\/www.fashionhairhelsinki.fi\/wp-content\/uploads\/2022\/03\/fhh_logo_pieni-1-1536x1166.png 1536w, https:\/\/www.fashionhairhelsinki.fi\/wp-content\/uploads\/2022\/03\/fhh_logo_pieni-1.png 1704w\" sizes=\"(max-width: 1024px) 100vw, 1024px\" \/>\t\t\t\t\t\t\t\t<\/a><br \/>\n\t\t\t\t\t\t\t\t\t\t\t\t\t\t<a href=\"http:\/\/www.fashionhairhelsinki.fi\/etusivu\/\"><br \/>\n\t\t\t\t\t\t\t<img decoding=\"async\" loading=\"lazy\" width=\"1024\" height=\"401\" src=\"https:\/\/www.fashionhairhelsinki.fi\/wp-content\/uploads\/2022\/03\/fhh_logo_teksti-1-1024x401.png\" alt=\"\" srcset=\"https:\/\/www.fashionhairhelsinki.fi\/wp-content\/uploads\/2022\/03\/fhh_logo_teksti-1-1024x401.png 1024w, https:\/\/www.fashionhairhelsinki.fi\/wp-content\/uploads\/2022\/03\/fhh_logo_teksti-1-300x117.png 300w, https:\/\/www.fashionhairhelsinki.fi\/wp-content\/uploads\/2022\/03\/fhh_logo_teksti-1-768x301.png 768w, https:\/\/www.fashionhairhelsinki.fi\/wp-content\/uploads\/2022\/03\/fhh_logo_teksti-1.png 1494w\" sizes=\"(max-width: 1024px) 100vw, 1024px\" \/>\t\t\t\t\t\t\t\t<\/a><br \/>\n\t\t\t<a href=\"http:\/\/www.fashionhairhelsinki.fi\/etusivu\/etusivu\/palvelut\/\"><br \/>\n\t\t\t\t\t\t\t\t\tPALVELUT<br \/>\n\t\t\t\t\t<\/a><br \/>\n\t\t\t<a href=\"https:\/\/www.fashionhairhelsinki.fi\/etusivu\/etusivu\/tuotteet\"><br \/>\n\t\t\t\t\t\t\t\t\tTUOTTEET<br \/>\n\t\t\t\t\t<\/a><br \/>\n\t\t\t<a href=\"http:\/\/www.fashionhairhelsinki.fi\/etusivu\/etusivu\/hinnasto\/\"><br \/>\n\t\t\t\t\t\t\t\t\tHINNASTO<br \/>\n\t\t\t\t\t<\/a><br \/>\n\t\t\t<a href=\"http:\/\/www.fashionhairhelsinki.fi\/etusivu\/etusivu\/tietoa-meista\/\"><br \/>\n\t\t\t\t\t\t\t\t\tTIETOA MEIST\u00c4<br \/>\n\t\t\t\t\t<\/a><br \/>\n\t\t\t<a href=\"http:\/\/www.fashionhairhelsinki.fi\/etusivu\/etusivu\/yhteystiedot\/\"><br \/>\n\t\t\t\t\t\t\t\t\tYHTEYSTIEDOT<br \/>\n\t\t\t\t\t<\/a><br \/>\n\t\t\t<a href=\"https:\/\/varaa.timma.fi\/fashionhairhelsinki\"><br \/>\n\t\t\t\t\t\t\t\t\tVARAA AIKA<br \/>\n\t\t\t\t\t<\/a><\/p>\n<style>\/*! elementor - v3.21.0 - 30-04-2024 *\/\n.elementor-column .elementor-spacer-inner{height:var(--spacer-size)}.e-con{--container-widget-width:100%}.e-con-inner>.elementor-widget-spacer,.e-con>.elementor-widget-spacer{width:var(--container-widget-width,var(--spacer-size));--align-self:var(--container-widget-align-self,initial);--flex-shrink:0}.e-con-inner>.elementor-widget-spacer>.elementor-widget-container,.e-con>.elementor-widget-spacer>.elementor-widget-container{height:100%;width:100%}.e-con-inner>.elementor-widget-spacer>.elementor-widget-container>.elementor-spacer,.e-con>.elementor-widget-spacer>.elementor-widget-container>.elementor-spacer{height:100%}.e-con-inner>.elementor-widget-spacer>.elementor-widget-container>.elementor-spacer>.elementor-spacer-inner,.e-con>.elementor-widget-spacer>.elementor-widget-container>.elementor-spacer>.elementor-spacer-inner{height:var(--container-widget-height,var(--spacer-size))}.e-con-inner>.elementor-widget-spacer.elementor-widget-empty,.e-con>.elementor-widget-spacer.elementor-widget-empty{position:relative;min-height:22px;min-width:22px}.e-con-inner>.elementor-widget-spacer.elementor-widget-empty .elementor-widget-empty-icon,.e-con>.elementor-widget-spacer.elementor-widget-empty .elementor-widget-empty-icon{position:absolute;top:0;bottom:0;left:0;right:0;margin:auto;padding:0;width:22px;height:22px}<\/style>\n<style>\/*! elementor - v3.21.0 - 30-04-2024 *\/\n.elementor-heading-title{padding:0;margin:0;line-height:1}.elementor-widget-heading .elementor-heading-title[class*=elementor-size-]>a{color:inherit;font-size:inherit;line-height:inherit}.elementor-widget-heading .elementor-heading-title.elementor-size-small{font-size:15px}.elementor-widget-heading .elementor-heading-title.elementor-size-medium{font-size:19px}.elementor-widget-heading .elementor-heading-title.elementor-size-large{font-size:29px}.elementor-widget-heading .elementor-heading-title.elementor-size-xl{font-size:39px}.elementor-widget-heading .elementor-heading-title.elementor-size-xxl{font-size:59px}<\/style>\n<h2>TIETOA MEIST\u00c4<\/h2>\n<p>\t\t\t\t\t\t\t\t\t\t\t\t\t<img decoding=\"async\" loading=\"lazy\" width=\"707\" height=\"1022\" src=\"https:\/\/www.fashionhairhelsinki.fi\/wp-content\/uploads\/2023\/03\/8C25BCAF-0920-4E52-91F8-53917867C97A.jpg\" alt=\"\" srcset=\"https:\/\/www.fashionhairhelsinki.fi\/wp-content\/uploads\/2023\/03\/8C25BCAF-0920-4E52-91F8-53917867C97A.jpg 707w, https:\/\/www.fashionhairhelsinki.fi\/wp-content\/uploads\/2023\/03\/8C25BCAF-0920-4E52-91F8-53917867C97A-208x300.jpg 208w\" sizes=\"(max-width: 707px) 100vw, 707px\" \/>\t\t\t\t\t\t\t\t\t\t\t\t\t<\/p>\n<h2>Jani<\/h2>\n<p>Olen ollut parturi- kampaaja 20v. Mukava, iloinen ja ennen kaikkea ammattitaitoinen. Olen toiminut aiemmin my\u00f6s freelance kouluttajana.<\/p>\n<p>V\u00e4rj\u00e4ysten ja leikkausten lis\u00e4ksi teen paljon hiusten pidennyksi\u00e4 sineteill\u00e4 ja teippihiuksilla.<\/p>\n<p>Asiakas l\u00e4htee tuolistani hymyillen ja tyytyv\u00e4isen\u00e4.<\/p>\n<p><a href=\"https:\/\/www.instagram.com\/jani.fashionhairhelsinki\/\" target=\"_blank\" rel=\"noopener\">@jani.fashionhairhelsinki<\/a><\/p>\n<p>\t\t\t\t\t\t\t\t\t\t\t\t\t<img decoding=\"async\" src=\"https:\/\/www.fashionhairhelsinki.fi\/wp-content\/uploads\/elementor\/thumbs\/79732DEE-3163-46C9-9BDA-5ABA39B4EF4F-q49ockay9atedb8wij4sc2v1lz5rheqs0wxxtdl5vk.jpg\" title=\"Processed with VSCO with x1 preset\" alt=\"Processed with VSCO with x1 preset\" loading=\"lazy\" \/>\t\t\t\t\t\t\t\t\t\t\t\t\t<\/p>\n<h2>Natsku<\/h2>\n<p>Olen ollu kampaaja 22v eli aika kaua, tykk\u00e4\u00e4n edelleen tosi paljon. <br \/>Olen tarkka ja huolellinen ja kuuntelen asiakasta ja yhdess\u00e4 suunnitellaan mit\u00e4 tehd\u00e4\u00e4n. M\u00e4 annan kaikkeni, asiakkaat ovat mulle t\u00e4rkeit\u00e4.<\/p>\n<p>V\u00e4rj\u00e4ys ja raidat on mun erikoisuus ja ompelupidennykset on my\u00f6s mun vahvuuksia.<\/p>\n<p>Olen aika joustavaa ottamaan asiakkaita vaikka suununtaina jos se sit\u00e4 vaati.<\/p>\n<p><a href=\"https:\/\/www.instagram.com\/nadiahair2021\/\" target=\"_blank\" rel=\"noopener\">@nadiahair2021<\/a><\/p>\n<p>\t\t\t\t\t\t\t\t\t\t\t\t\t<img decoding=\"async\" src=\"https:\/\/www.fashionhairhelsinki.fi\/wp-content\/uploads\/elementor\/thumbs\/3DFD0EFE-2490-491C-97DE-4C59C24E3945-pugk19t6crng37ntwp8eprpz4soxz4lkkxgc1xuvwg.jpg\" title=\"Processed with VSCO with b1 preset\" alt=\"Processed with VSCO with b1 preset\" loading=\"lazy\" \/>\t\t\t\t\t\t\t\t\t\t\t\t\t<\/p>\n<h2>Aki<\/h2>\n<p>Parturi-kampaajana olen toiminut 28 vuotta Helsingiss\u00e4. Kokemusta riitt\u00e4\u00e4 ja luonnollinen, asiakkaalle sopiva tyyli on p\u00e4\u00e4asia.<\/p>\n<p>V\u00e4rj\u00e4ykset, leikkaukset ja kiharat sujuu hyvin, my\u00f6s teippipidennykset.<\/p>\n<p>Asiakkaan tyytyv\u00e4isyys on aina ilo!<\/p>\n<p>\t\t\t\t\t\t\t\t\t\t\t\t\t<img decoding=\"async\" src=\"https:\/\/www.fashionhairhelsinki.fi\/wp-content\/uploads\/elementor\/thumbs\/CB7047B2-95BD-4F0C-91B1-ED15D95F29CD-q49p0my5ajrrpsa1xxqt7061b8i6mcbao2fmahw6io.jpg\" title=\"Processed with VSCO with x1 preset\" alt=\"Processed with VSCO with x1 preset\" loading=\"lazy\" \/>\t\t\t\t\t\t\t\t\t\t\t\t\t<\/p>\n<h2>Alfons<\/h2>\n<p>Olen Alfons, 8 kuukauden ik\u00e4inen borderterrieri, joka ty\u00f6skentelee salonkikoirana. Viihdyt\u00e4n asiakkaita erilaisilla energiatasoilla, joskus villisti, joskus rauhallisesti, mutta aina positiivisesti.<\/p>\n<p>\t\t\t<a href=\"https:\/\/varaa.timma.fi\/fashionhairhelsinki\"><br \/>\n\t\t\t\t\t\t\t\t\tVARAA AIKA<br \/>\n\t\t\t\t\t<\/a><\/p>\n<style>\/*! elementor - v3.21.0 - 30-04-2024 *\/\n.elementor-widget-social-icons.elementor-grid-0 .elementor-widget-container,.elementor-widget-social-icons.elementor-grid-mobile-0 .elementor-widget-container,.elementor-widget-social-icons.elementor-grid-tablet-0 .elementor-widget-container{line-height:1;font-size:0}.elementor-widget-social-icons:not(.elementor-grid-0):not(.elementor-grid-tablet-0):not(.elementor-grid-mobile-0) .elementor-grid{display:inline-grid}.elementor-widget-social-icons .elementor-grid{grid-column-gap:var(--grid-column-gap,5px);grid-row-gap:var(--grid-row-gap,5px);grid-template-columns:var(--grid-template-columns);justify-content:var(--justify-content,center);justify-items:var(--justify-content,center)}.elementor-icon.elementor-social-icon{font-size:var(--icon-size,25px);line-height:var(--icon-size,25px);width:calc(var(--icon-size, 25px) + 2 * var(--icon-padding, .5em));height:calc(var(--icon-size, 25px) + 2 * var(--icon-padding, .5em))}.elementor-social-icon{--e-social-icon-icon-color:#fff;display:inline-flex;background-color:#69727d;align-items:center;justify-content:center;text-align:center;cursor:pointer}.elementor-social-icon i{color:var(--e-social-icon-icon-color)}.elementor-social-icon svg{fill:var(--e-social-icon-icon-color)}.elementor-social-icon:last-child{margin:0}.elementor-social-icon:hover{opacity:.9;color:#fff}.elementor-social-icon-android{background-color:#a4c639}.elementor-social-icon-apple{background-color:#999}.elementor-social-icon-behance{background-color:#1769ff}.elementor-social-icon-bitbucket{background-color:#205081}.elementor-social-icon-codepen{background-color:#000}.elementor-social-icon-delicious{background-color:#39f}.elementor-social-icon-deviantart{background-color:#05cc47}.elementor-social-icon-digg{background-color:#005be2}.elementor-social-icon-dribbble{background-color:#ea4c89}.elementor-social-icon-elementor{background-color:#d30c5c}.elementor-social-icon-envelope{background-color:#ea4335}.elementor-social-icon-facebook,.elementor-social-icon-facebook-f{background-color:#3b5998}.elementor-social-icon-flickr{background-color:#0063dc}.elementor-social-icon-foursquare{background-color:#2d5be3}.elementor-social-icon-free-code-camp,.elementor-social-icon-freecodecamp{background-color:#006400}.elementor-social-icon-github{background-color:#333}.elementor-social-icon-gitlab{background-color:#e24329}.elementor-social-icon-globe{background-color:#69727d}.elementor-social-icon-google-plus,.elementor-social-icon-google-plus-g{background-color:#dd4b39}.elementor-social-icon-houzz{background-color:#7ac142}.elementor-social-icon-instagram{background-color:#262626}.elementor-social-icon-jsfiddle{background-color:#487aa2}.elementor-social-icon-link{background-color:#818a91}.elementor-social-icon-linkedin,.elementor-social-icon-linkedin-in{background-color:#0077b5}.elementor-social-icon-medium{background-color:#00ab6b}.elementor-social-icon-meetup{background-color:#ec1c40}.elementor-social-icon-mixcloud{background-color:#273a4b}.elementor-social-icon-odnoklassniki{background-color:#f4731c}.elementor-social-icon-pinterest{background-color:#bd081c}.elementor-social-icon-product-hunt{background-color:#da552f}.elementor-social-icon-reddit{background-color:#ff4500}.elementor-social-icon-rss{background-color:#f26522}.elementor-social-icon-shopping-cart{background-color:#4caf50}.elementor-social-icon-skype{background-color:#00aff0}.elementor-social-icon-slideshare{background-color:#0077b5}.elementor-social-icon-snapchat{background-color:#fffc00}.elementor-social-icon-soundcloud{background-color:#f80}.elementor-social-icon-spotify{background-color:#2ebd59}.elementor-social-icon-stack-overflow{background-color:#fe7a15}.elementor-social-icon-steam{background-color:#00adee}.elementor-social-icon-stumbleupon{background-color:#eb4924}.elementor-social-icon-telegram{background-color:#2ca5e0}.elementor-social-icon-threads{background-color:#000}.elementor-social-icon-thumb-tack{background-color:#1aa1d8}.elementor-social-icon-tripadvisor{background-color:#589442}.elementor-social-icon-tumblr{background-color:#35465c}.elementor-social-icon-twitch{background-color:#6441a5}.elementor-social-icon-twitter{background-color:#1da1f2}.elementor-social-icon-viber{background-color:#665cac}.elementor-social-icon-vimeo{background-color:#1ab7ea}.elementor-social-icon-vk{background-color:#45668e}.elementor-social-icon-weibo{background-color:#dd2430}.elementor-social-icon-weixin{background-color:#31a918}.elementor-social-icon-whatsapp{background-color:#25d366}.elementor-social-icon-wordpress{background-color:#21759b}.elementor-social-icon-x-twitter{background-color:#000}.elementor-social-icon-xing{background-color:#026466}.elementor-social-icon-yelp{background-color:#af0606}.elementor-social-icon-youtube{background-color:#cd201f}.elementor-social-icon-500px{background-color:#0099e5}.elementor-shape-rounded .elementor-icon.elementor-social-icon{border-radius:10%}.elementor-shape-circle .elementor-icon.elementor-social-icon{border-radius:50%}<\/style>\n<p>\t\t\t\t\t<a href=\"https:\/\/www.facebook.com\/Fashionhairhelsinki\" target=\"_blank\" rel=\"noopener\"><br \/>\n\t\t\t\t\t\tFacebook<br \/>\n\t\t\t\t\t\t<svg viewBox=\"0 0 512 512\" xmlns=\"http:\/\/www.w3.org\/2000\/svg\"><path d=\"M504 256C504 119 393 8 256 8S8 119 8 256c0 123.78 90.69 226.38 209.25 245V327.69h-63V256h63v-54.64c0-62.15 37-96.48 93.67-96.48 27.14 0 55.52 4.84 55.52 4.84v61h-31.28c-30.8 0-40.41 19.12-40.41 38.73V256h68.78l-11 71.69h-57.78V501C413.31 482.38 504 379.78 504 256z\"><\/path><\/svg>\t\t\t\t\t<\/a><br \/>\n\t\t\t\t\t<a href=\"https:\/\/www.instagram.com\/fashionhairhelsinki\/\" target=\"_blank\" rel=\"noopener\"><br \/>\n\t\t\t\t\t\tInstagram<br \/>\n\t\t\t\t\t\t<svg viewBox=\"0 0 448 512\" xmlns=\"http:\/\/www.w3.org\/2000\/svg\"><path d=\"M224.1 141c-63.6 0-114.9 51.3-114.9 114.9s51.3 114.9 114.9 114.9S339 319.5 339 255.9 287.7 141 224.1 141zm0 189.6c-41.1 0-74.7-33.5-74.7-74.7s33.5-74.7 74.7-74.7 74.7 33.5 74.7 74.7-33.6 74.7-74.7 74.7zm146.4-194.3c0 14.9-12 26.8-26.8 26.8-14.9 0-26.8-12-26.8-26.8s12-26.8 26.8-26.8 26.8 12 26.8 26.8zm76.1 27.2c-1.7-35.9-9.9-67.7-36.2-93.9-26.2-26.2-58-34.4-93.9-36.2-37-2.1-147.9-2.1-184.9 0-35.8 1.7-67.6 9.9-93.9 36.1s-34.4 58-36.2 93.9c-2.1 37-2.1 147.9 0 184.9 1.7 35.9 9.9 67.7 36.2 93.9s58 34.4 93.9 36.2c37 2.1 147.9 2.1 184.9 0 35.9-1.7 67.7-9.9 93.9-36.2 26.2-26.2 34.4-58 36.2-93.9 2.1-37 2.1-147.8 0-184.8zM398.8 388c-7.8 19.6-22.9 34.7-42.6 42.6-29.5 11.7-99.5 9-132.1 9s-102.7 2.6-132.1-9c-19.6-7.8-34.7-22.9-42.6-42.6-11.7-29.5-9-99.5-9-132.1s-2.6-102.7 9-132.1c7.8-19.6 22.9-34.7 42.6-42.6 29.5-11.7 99.5-9 132.1-9s102.7-2.6 132.1 9c19.6 7.8 34.7 22.9 42.6 42.6 11.7 29.5 9 99.5 9 132.1s2.7 102.7-9 132.1z\"><\/path><\/svg>\t\t\t\t\t<\/a><\/p>\n<p>\u00a9<b> Fashion Hair Helsinki 2022<\/b><\/p>\n<p>\t\t\t\t\t\t\t\t\t\t\t\t\t\t<a href=\"http:\/\/www.fashionhairhelsinki.fi\/etusivu\/\"><br \/>\n\t\t\t\t\t\t\t<img decoding=\"async\" loading=\"lazy\" width=\"1024\" height=\"777\" src=\"https:\/\/www.fashionhairhelsinki.fi\/wp-content\/uploads\/2022\/03\/fhh_logo_pieni-1024x777.png\" alt=\"\" srcset=\"https:\/\/www.fashionhairhelsinki.fi\/wp-content\/uploads\/2022\/03\/fhh_logo_pieni-1024x777.png 1024w, https:\/\/www.fashionhairhelsinki.fi\/wp-content\/uploads\/2022\/03\/fhh_logo_pieni-300x228.png 300w, https:\/\/www.fashionhairhelsinki.fi\/wp-content\/uploads\/2022\/03\/fhh_logo_pieni-768x583.png 768w, https:\/\/www.fashionhairhelsinki.fi\/wp-content\/uploads\/2022\/03\/fhh_logo_pieni-1536x1166.png 1536w, https:\/\/www.fashionhairhelsinki.fi\/wp-content\/uploads\/2022\/03\/fhh_logo_pieni.png 1704w\" sizes=\"(max-width: 1024px) 100vw, 1024px\" \/>\t\t\t\t\t\t\t\t<\/a><br \/>\n\t\t\t\t\t\t\t\t\t\t\t\t\t\t<a href=\"http:\/\/www.fashionhairhelsinki.fi\/etusivu\/\"><br \/>\n\t\t\t\t\t\t\t<img decoding=\"async\" loading=\"lazy\" width=\"1024\" height=\"401\" src=\"https:\/\/www.fashionhairhelsinki.fi\/wp-content\/uploads\/2022\/03\/fhh_logo_teksti-1024x401.png\" alt=\"\" srcset=\"https:\/\/www.fashionhairhelsinki.fi\/wp-content\/uploads\/2022\/03\/fhh_logo_teksti-1024x401.png 1024w, https:\/\/www.fashionhairhelsinki.fi\/wp-content\/uploads\/2022\/03\/fhh_logo_teksti-300x117.png 300w, https:\/\/www.fashionhairhelsinki.fi\/wp-content\/uploads\/2022\/03\/fhh_logo_teksti-768x301.png 768w, https:\/\/www.fashionhairhelsinki.fi\/wp-content\/uploads\/2022\/03\/fhh_logo_teksti.png 1494w\" sizes=\"(max-width: 1024px) 100vw, 1024px\" \/>\t\t\t\t\t\t\t\t<\/a><\/p>\n","protected":false},"excerpt":{"rendered":"<p>PALVELUT TUOTTEET HINNASTO TIETOA MEIST\u00c4 YHTEYSTIEDOT VARAA AIKA TIETOA MEIST\u00c4 Jani Olen ollut parturi- kampaaja 20v. Mukava, iloinen ja ennen kaikkea ammattitaitoinen. Olen toiminut aiemmin my\u00f6s freelance kouluttajana. V\u00e4rj\u00e4ysten ja leikkausten lis\u00e4ksi teen paljon hiusten pidennyksi\u00e4 sineteill\u00e4 ja teippihiuksilla. Asiakas l\u00e4htee tuolistani hymyillen ja tyytyv\u00e4isen\u00e4. @jani.fashionhairhelsinki Natsku Olen ollu kampaaja 22v eli aika kaua, tykk\u00e4\u00e4n [&hellip;]<\/p>\n","protected":false},"author":1,"featured_media":0,"parent":9,"menu_order":0,"comment_status":"closed","ping_status":"closed","template":"elementor_canvas","meta":[],"_links":{"self":[{"href":"https:\/\/www.fashionhairhelsinki.fi\/etusivu\/wp-json\/wp\/v2\/pages\/221"}],"collection":[{"href":"https:\/\/www.fashionhairhelsinki.fi\/etusivu\/wp-json\/wp\/v2\/pages"}],"about":[{"href":"https:\/\/www.fashionhairhelsinki.fi\/etusivu\/wp-json\/wp\/v2\/types\/page"}],"author":[{"embeddable":true,"href":"https:\/\/www.fashionhairhelsinki.fi\/etusivu\/wp-json\/wp\/v2\/users\/1"}],"replies":[{"embeddable":true,"href":"https:\/\/www.fashionhairhelsinki.fi\/etusivu\/wp-json\/wp\/v2\/comments?post=221"}],"version-history":[{"count":268,"href":"https:\/\/www.fashionhairhelsinki.fi\/etusivu\/wp-json\/wp\/v2\/pages\/221\/revisions"}],"predecessor-version":[{"id":1921,"href":"https:\/\/www.fashionhairhelsinki.fi\/etusivu\/wp-json\/wp\/v2\/pages\/221\/revisions\/1921"}],"up":[{"embeddable":true,"href":"https:\/\/www.fashionhairhelsinki.fi\/etusivu\/wp-json\/wp\/v2\/pages\/9"}],"wp:attachment":[{"href":"https:\/\/www.fashionhairhelsinki.fi\/etusivu\/wp-json\/wp\/v2\/media?parent=221"}],"curies":[{"name":"wp","href":"https:\/\/api.w.org\/{rel}","templated":true}]}}